{"id":2300,"date":"2024-09-18T12:31:40","date_gmt":"2024-09-18T17:31:40","guid":{"rendered":"https:\/\/geocilindro.com\/carrito\/"},"modified":"2024-09-19T16:01:54","modified_gmt":"2024-09-19T21:01:54","slug":"carrito","status":"publish","type":"page","link":"https:\/\/geocilindro.com\/nl\/carrito\/","title":{"rendered":"Carrito"},"content":{"rendered":"<div data-block-name=\"woocommerce\/cart\" class=\"wp-block-woocommerce-cart alignwide is-loading\"><div data-block-name=\"woocommerce\/filled-cart-block\" class=\"wp-block-woocommerce-filled-cart-block\"><div data-block-name=\"woocommerce\/cart-items-block\" class=\"wp-block-woocommerce-cart-items-block\"><div data-block-name=\"woocommerce\/cart-line-items-block\" class=\"wp-block-woocommerce-cart-line-items-block\">\u00a0<\/div>\r\n\r\n<div data-block-name=\"woocommerce\/cart-cross-sells-block\" class=\"wp-block-woocommerce-cart-cross-sells-block\"><h2 class=\"wp-block-heading has-large-font-size\">Puede que te interese\u2026<\/h2>\r\n\r\n<div data-block-name=\"woocommerce\/cart-cross-sells-products-block\" class=\"wp-block-woocommerce-cart-cross-sells-products-block\">\u00a0<\/div><\/div><\/div>\r\n\r\n<div data-block-name=\"woocommerce\/cart-totals-block\" class=\"wp-block-woocommerce-cart-totals-block\"><div data-block-name=\"woocommerce\/cart-order-summary-block\" class=\"wp-block-woocommerce-cart-order-summary-block\"><div data-block-name=\"woocommerce\/cart-order-summary-heading-block\" class=\"wp-block-woocommerce-cart-order-summary-heading-block\">\u00a0<\/div>\r\n\r\n<div data-block-name=\"woocommerce\/cart-order-summary-coupon-form-block\" class=\"wp-block-woocommerce-cart-order-summary-coupon-form-block\">\u00a0<\/div>\r\n\r\n\r\n\r\n\r\n\r\n\r\n\r\n\r\n\r\n<div data-block-name=\"woocommerce\/cart-order-summary-totals-block\" class=\"wp-block-woocommerce-cart-order-summary-totals-block\">\n<div data-block-name=\"woocommerce\/cart-order-summary-subtotal-block\" class=\"wp-block-woocommerce-cart-order-summary-subtotal-block\">\u00a0<\/div>\n<div data-block-name=\"woocommerce\/cart-order-summary-discount-block\" class=\"wp-block-woocommerce-cart-order-summary-discount-block\">\u00a0<\/div>\n<div data-block-name=\"woocommerce\/cart-order-summary-fee-block\" class=\"wp-block-woocommerce-cart-order-summary-fee-block\">\u00a0<\/div>\n<div data-block-name=\"woocommerce\/cart-order-summary-shipping-block\" class=\"wp-block-woocommerce-cart-order-summary-shipping-block\">\u00a0<\/div>\n<div data-block-name=\"woocommerce\/cart-order-summary-taxes-block\" class=\"wp-block-woocommerce-cart-order-summary-taxes-block\">\u00a0<\/div><\/div><\/div>\r\n\r\n<div data-block-name=\"woocommerce\/cart-express-payment-block\" class=\"wp-block-woocommerce-cart-express-payment-block\">\u00a0<\/div>\r\n\r\n<div data-block-name=\"woocommerce\/proceed-to-checkout-block\" class=\"wp-block-woocommerce-proceed-to-checkout-block\">\u00a0<\/div>\r\n\r\n<div data-block-name=\"woocommerce\/cart-accepted-payment-methods-block\" class=\"wp-block-woocommerce-cart-accepted-payment-methods-block\">\u00a0<\/div><\/div><\/div>\r\n\r\n<div data-block-name=\"woocommerce\/empty-cart-block\" class=\"wp-block-woocommerce-empty-cart-block\"><h2 class=\"wp-block-heading has-text-align-center with-empty-cart-icon wc-block-cart__empty-cart__title\">\u00a1Tu carrito est\u00e1 actualmente vac\u00edo!<\/h2>\r\n\r\n<hr class=\"wp-block-separator has-alpha-channel-opacity is-style-dots\" \/>\r\n\r\n<h2 class=\"wp-block-heading has-text-align-center\">Geocilindro\u00ae<\/h2>\r\n\r\n<div data-block-name=\"woocommerce\/product-new\" data-columns=\"4\" data-rows=\"1\" class=\"wc-block-grid wp-block-product-new wp-block-woocommerce-product-new wc-block-product-new has-4-columns\"><ul class=\"wc-block-grid__products\"><li class=\"wc-block-grid__product\">\n\t\t\t\t<a href=\"https:\/\/geocilindro.com\/nl\/producto\/cortinas-anti-dispersion-de-sedimentos\/\" class=\"wc-block-grid__product-link\">\n\t\t\t\t\t\n\t\t\t\t\t<div class=\"wc-block-grid__product-image\"><img decoding=\"async\" width=\"300\" height=\"225\" src=\"https:\/\/geocilindro.com\/wp-content\/uploads\/2024\/11\/WhatsApp-Image-2024-11-01-at-09.43.10-300x225.jpeg\" class=\"attachment-woocommerce_thumbnail size-woocommerce_thumbnail\" alt=\"Cortinas Anti Dispersion de Sedimentos    |    Precio por m2\" srcset=\"https:\/\/geocilindro.com\/wp-content\/uploads\/2024\/11\/WhatsApp-Image-2024-11-01-at-09.43.10-300x225.jpeg 300w, https:\/\/geocilindro.com\/wp-content\/uploads\/2024\/11\/WhatsApp-Image-2024-11-01-at-09.43.10-1024x768.jpeg 1024w, https:\/\/geocilindro.com\/wp-content\/uploads\/2024\/11\/WhatsApp-Image-2024-11-01-at-09.43.10-768x576.jpeg 768w, https:\/\/geocilindro.com\/wp-content\/uploads\/2024\/11\/WhatsApp-Image-2024-11-01-at-09.43.10-1320x990.jpeg 1320w, https:\/\/geocilindro.com\/wp-content\/uploads\/2024\/11\/WhatsApp-Image-2024-11-01-at-09.43.10-600x450.jpeg 600w, https:\/\/geocilindro.com\/wp-content\/uploads\/2024\/11\/WhatsApp-Image-2024-11-01-at-09.43.10.jpeg 1440w\" sizes=\"(max-width: 300px) 100vw, 300px\" \/><\/div>\n\t\t\t\t\t<div class=\"wc-block-grid__product-title\">Cortinas Anti Dispersion de Sedimentos    |    Precio por m2<\/div>\n\t\t\t\t<\/a>\n\t\t\t\t<div class=\"wc-block-grid__product-price price\"><span class=\"woocommerce-Price-amount amount\"><span class=\"woocommerce-Price-currencySymbol\">&euro;<\/span>&nbsp;30,00<\/span><\/div>\n\t\t\t\t\n\t\t\t\t<div class=\"wp-block-button wc-block-grid__product-add-to-cart\"><a href=\"?add-to-cart=2404\" aria-label=\"Toevoegen aan winkelwagen: &ldquo;Cortinas Anti Dispersion de Sedimentos    |    Precio por m2&ldquo;\" data-quantity=\"1\" data-product_id=\"2404\" data-product_sku=\"\" data-price=\"30\" rel=\"nofollow\" class=\"wp-block-button__link  add_to_cart_button ajax_add_to_cart\">Toevoegen aan winkelwagen<\/a><\/div>\n\t\t\t<\/li><li class=\"wc-block-grid__product\">\n\t\t\t\t<a href=\"https:\/\/geocilindro.com\/nl\/producto\/tapetes-anti-socavacion\/\" class=\"wc-block-grid__product-link\">\n\t\t\t\t\t\n\t\t\t\t\t<div class=\"wc-block-grid__product-image\"><img decoding=\"async\" width=\"300\" height=\"225\" src=\"https:\/\/geocilindro.com\/wp-content\/uploads\/2024\/11\/DALL\u00b7E-2024-11-04-08.03.24-A-hyper-realistic-underwater-scene-viewed-from-the-perspective-of-a-diver-looking-down-at-an-even-wider-Woven-Geotextile-Anti-Scour-Mat-on-the-seabed-300x225.webp\" class=\"attachment-woocommerce_thumbnail size-woocommerce_thumbnail\" alt=\"Tapetes Anti Socavacion   |        Precio por m2\" srcset=\"https:\/\/geocilindro.com\/wp-content\/uploads\/2024\/11\/DALL\u00b7E-2024-11-04-08.03.24-A-hyper-realistic-underwater-scene-viewed-from-the-perspective-of-a-diver-looking-down-at-an-even-wider-Woven-Geotextile-Anti-Scour-Mat-on-the-seabed-300x225.webp 300w, https:\/\/geocilindro.com\/wp-content\/uploads\/2024\/11\/DALL\u00b7E-2024-11-04-08.03.24-A-hyper-realistic-underwater-scene-viewed-from-the-perspective-of-a-diver-looking-down-at-an-even-wider-Woven-Geotextile-Anti-Scour-Mat-on-the-seabed-1024x770.webp 1024w\" sizes=\"(max-width: 300px) 100vw, 300px\" \/><\/div>\n\t\t\t\t\t<div class=\"wc-block-grid__product-title\">Tapetes Anti Socavacion   |        Precio por m2<\/div>\n\t\t\t\t<\/a>\n\t\t\t\t<div class=\"wc-block-grid__product-price price\"><span class=\"woocommerce-Price-amount amount\"><span class=\"woocommerce-Price-currencySymbol\">&euro;<\/span>&nbsp;21,00<\/span><\/div>\n\t\t\t\t\n\t\t\t\t<div class=\"wp-block-button wc-block-grid__product-add-to-cart\"><a href=\"?add-to-cart=2402\" aria-label=\"Toevoegen aan winkelwagen: &ldquo;Tapetes Anti Socavacion   |        Precio por m2&ldquo;\" data-quantity=\"1\" data-product_id=\"2402\" data-product_sku=\"\" data-price=\"21\" rel=\"nofollow\" class=\"wp-block-button__link  add_to_cart_button ajax_add_to_cart\">Toevoegen aan winkelwagen<\/a><\/div>\n\t\t\t<\/li><li class=\"wc-block-grid__product\">\n\t\t\t\t<a href=\"https:\/\/geocilindro.com\/nl\/producto\/geocilindro-control-de-inundaciones-control-de-erosion-dragados-ambientales\/\" class=\"wc-block-grid__product-link\">\n\t\t\t\t\t\n\t\t\t\t\t<div class=\"wc-block-grid__product-image\"><img decoding=\"async\" width=\"300\" height=\"225\" src=\"https:\/\/geocilindro.com\/wp-content\/uploads\/2022\/08\/Hydrocylinder-services-300x225.jpeg\" class=\"attachment-woocommerce_thumbnail size-woocommerce_thumbnail\" alt=\"Geocilindros\u00ae El tubo Geotextil de pr\u00f3xima generaci\u00f3n\" srcset=\"https:\/\/geocilindro.com\/wp-content\/uploads\/2022\/08\/Hydrocylinder-services-300x225.jpeg 300w, https:\/\/geocilindro.com\/wp-content\/uploads\/2022\/08\/Hydrocylinder-services-600x450.jpeg 600w, https:\/\/geocilindro.com\/wp-content\/uploads\/2022\/08\/Hydrocylinder-services-768x576.jpeg 768w, https:\/\/geocilindro.com\/wp-content\/uploads\/2022\/08\/Hydrocylinder-services.jpeg 827w\" sizes=\"(max-width: 300px) 100vw, 300px\" \/><\/div>\n\t\t\t\t\t<div class=\"wc-block-grid__product-title\">Geocilindro\u00ae Hidrocilindro  Sistemas de Almacenamiento de Agua en Tubos de Geotextil<\/div>\n\t\t\t\t<\/a>\n\t\t\t\t<div class=\"wc-block-grid__product-price price\"><span class=\"woocommerce-Price-amount amount\"><span class=\"woocommerce-Price-currencySymbol\">&euro;<\/span>&nbsp;3.200,00<\/span><\/div>\n\t\t\t\t\n\t\t\t\t<div class=\"wp-block-button wc-block-grid__product-add-to-cart\"><a href=\"?add-to-cart=2287\" aria-label=\"Toevoegen aan winkelwagen: &ldquo;Geocilindro\u00ae Hidrocilindro  Sistemas de Almacenamiento de Agua en Tubos de Geotextil&ldquo;\" data-quantity=\"1\" data-product_id=\"2287\" data-product_sku=\"\" data-price=\"3200\" rel=\"nofollow\" class=\"wp-block-button__link  add_to_cart_button ajax_add_to_cart\">Toevoegen aan winkelwagen<\/a><\/div>\n\t\t\t<\/li><li class=\"wc-block-grid__product\">\n\t\t\t\t<a href=\"https:\/\/geocilindro.com\/nl\/producto\/geocilindro-geobox\/\" class=\"wc-block-grid__product-link\">\n\t\t\t\t\t\n\t\t\t\t\t<div class=\"wc-block-grid__product-image\"><img decoding=\"async\" width=\"300\" height=\"225\" src=\"https:\/\/geocilindro.com\/wp-content\/uploads\/2022\/07\/Geobox-Oceanus-2-300x225.jpg\" class=\"attachment-woocommerce_thumbnail size-woocommerce_thumbnail\" alt=\"Geocilindros\u00ae El tubo Geotextil de pr\u00f3xima generaci\u00f3n\" \/><\/div>\n\t\t\t\t\t<div class=\"wc-block-grid__product-title\">Geocilindro\u00ae GEOBOX<\/div>\n\t\t\t\t<\/a>\n\t\t\t\t<div class=\"wc-block-grid__product-price price\"><span class=\"woocommerce-Price-amount amount\"><span class=\"woocommerce-Price-currencySymbol\">&euro;<\/span>&nbsp;1.840,00<\/span><\/div>\n\t\t\t\t\n\t\t\t\t<div class=\"wp-block-button wc-block-grid__product-add-to-cart\"><a href=\"?add-to-cart=2286\" aria-label=\"Toevoegen aan winkelwagen: &ldquo;Geocilindro\u00ae GEOBOX&ldquo;\" data-quantity=\"1\" data-product_id=\"2286\" data-product_sku=\"\" data-price=\"1840\" rel=\"nofollow\" class=\"wp-block-button__link  add_to_cart_button ajax_add_to_cart\">Toevoegen aan winkelwagen<\/a><\/div>\n\t\t\t<\/li><\/ul><\/div><\/div><\/div>","protected":false},"excerpt":{"rendered":"\u00a0 Puede que te interese\u2026 \u00a0 \u00a0 \u00a0 \u00a0 \u00a0 \u00a0 \u00a0 \u00a0 \u00a0 \u00a0 \u00a0 \u00a1Tu carrito est\u00e1 actualmente vac\u00edo! Geocilindro\u00ae","protected":false},"author":1,"featured_media":0,"parent":0,"menu_order":0,"comment_status":"closed","ping_status":"closed","template":"","meta":{"footnotes":""},"class_list":["post-2300","page","type-page","status-publish"],"yoast_head":"<!-- This site is optimized with the Yoast SEO plugin v26.9 - https:\/\/yoast.com\/product\/yoast-seo-wordpress\/ -->\n<title>Geocilindros\u00ae El tubo Geotextil de pr\u00f3xima generaci\u00f3n<\/title>\n<meta name=\"description\" content=\"Soluciones en la industria de la deshidrataci\u00f3n, remediaci\u00f3n ambiental y protecci\u00f3n costera. Geocylinder\u00ae es una marca holandesa, desarrollada para brindar una diversidad de soluciones en las industrias de deshidrataci\u00f3n y protecci\u00f3n costera, conocida en el mercado como el tubo geotextil de pr\u00f3xima generaci\u00f3n.\" \/>\n<meta name=\"robots\" content=\"index, follow, max-snippet:-1, max-image-preview:large, max-video-preview:-1\" \/>\n<link rel=\"canonical\" href=\"https:\/\/geocilindro.com\/nl\/carrito\/\" \/>\n<meta property=\"og:locale\" content=\"nl_NL\" \/>\n<meta property=\"og:type\" content=\"article\" \/>\n<meta property=\"og:title\" content=\"Geocilindros\u00ae El tubo Geotextil de pr\u00f3xima generaci\u00f3n\" \/>\n<meta property=\"og:description\" content=\"Soluciones en la industria de la deshidrataci\u00f3n, remediaci\u00f3n ambiental y protecci\u00f3n costera. Geocylinder\u00ae es una marca holandesa, desarrollada para brindar una diversidad de soluciones en las industrias de deshidrataci\u00f3n y protecci\u00f3n costera, conocida en el mercado como el tubo geotextil de pr\u00f3xima generaci\u00f3n.\" \/>\n<meta property=\"og:url\" content=\"https:\/\/geocilindro.com\/nl\/carrito\/\" \/>\n<meta property=\"og:site_name\" content=\"Geocilindro\u00ae El tubo geotextil de pr\u00f3xima generaci\u00f3n\" \/>\n<meta property=\"article:modified_time\" content=\"2024-09-19T21:01:54+00:00\" \/>\n<meta name=\"twitter:card\" content=\"summary_large_image\" \/>\n<meta name=\"twitter:label1\" content=\"Geschatte leestijd\" \/>\n\t<meta name=\"twitter:data1\" content=\"1 minuut\" \/>\n<script type=\"application\/ld+json\" class=\"yoast-schema-graph\">{\"@context\":\"https:\/\/schema.org\",\"@graph\":[{\"@type\":\"WebPage\",\"@id\":\"https:\/\/geocilindro.com\/nl\/carrito\/\",\"url\":\"https:\/\/geocilindro.com\/nl\/carrito\/\",\"name\":\"Geocilindros\u00ae El tubo Geotextil de pr\u00f3xima generaci\u00f3n\",\"isPartOf\":{\"@id\":\"https:\/\/geocilindro.com\/#website\"},\"datePublished\":\"2024-09-18T17:31:40+00:00\",\"dateModified\":\"2024-09-19T21:01:54+00:00\",\"description\":\"Soluciones en la industria de la deshidrataci\u00f3n, remediaci\u00f3n ambiental y protecci\u00f3n costera. Geocylinder\u00ae es una marca holandesa, desarrollada para brindar una diversidad de soluciones en las industrias de deshidrataci\u00f3n y protecci\u00f3n costera, conocida en el mercado como el tubo geotextil de pr\u00f3xima generaci\u00f3n.\",\"breadcrumb\":{\"@id\":\"https:\/\/geocilindro.com\/nl\/carrito\/#breadcrumb\"},\"inLanguage\":\"nl-NL\",\"potentialAction\":[{\"@type\":\"ReadAction\",\"target\":[\"https:\/\/geocilindro.com\/nl\/carrito\/\"]}]},{\"@type\":\"BreadcrumbList\",\"@id\":\"https:\/\/geocilindro.com\/nl\/carrito\/#breadcrumb\",\"itemListElement\":[{\"@type\":\"ListItem\",\"position\":1,\"name\":\"Portada\",\"item\":\"https:\/\/geocilindro.com\/nl\/\"},{\"@type\":\"ListItem\",\"position\":2,\"name\":\"Carrito\"}]},{\"@type\":\"WebSite\",\"@id\":\"https:\/\/geocilindro.com\/#website\",\"url\":\"https:\/\/geocilindro.com\/\",\"name\":\"Geocilindro\u00ae El tubo geotextil de pr\u00f3xima generaci\u00f3n\",\"description\":\"Soluciones en la industria de la deshidrataci\u00f3n, remediaci\u00f3n ambiental y protecci\u00f3n costera\",\"potentialAction\":[{\"@type\":\"SearchAction\",\"target\":{\"@type\":\"EntryPoint\",\"urlTemplate\":\"https:\/\/geocilindro.com\/?s={search_term_string}\"},\"query-input\":{\"@type\":\"PropertyValueSpecification\",\"valueRequired\":true,\"valueName\":\"search_term_string\"}}],\"inLanguage\":\"nl-NL\"}]}<\/script>\n<!-- \/ Yoast SEO plugin. -->","yoast_head_json":{"title":"Geocilindros\u00ae El tubo Geotextil de pr\u00f3xima generaci\u00f3n","description":"Soluciones en la industria de la deshidrataci\u00f3n, remediaci\u00f3n ambiental y protecci\u00f3n costera. Geocylinder\u00ae es una marca holandesa, desarrollada para brindar una diversidad de soluciones en las industrias de deshidrataci\u00f3n y protecci\u00f3n costera, conocida en el mercado como el tubo geotextil de pr\u00f3xima generaci\u00f3n.","robots":{"index":"index","follow":"follow","max-snippet":"max-snippet:-1","max-image-preview":"max-image-preview:large","max-video-preview":"max-video-preview:-1"},"canonical":"https:\/\/geocilindro.com\/nl\/carrito\/","og_locale":"nl_NL","og_type":"article","og_title":"Geocilindros\u00ae El tubo Geotextil de pr\u00f3xima generaci\u00f3n","og_description":"Soluciones en la industria de la deshidrataci\u00f3n, remediaci\u00f3n ambiental y protecci\u00f3n costera. Geocylinder\u00ae es una marca holandesa, desarrollada para brindar una diversidad de soluciones en las industrias de deshidrataci\u00f3n y protecci\u00f3n costera, conocida en el mercado como el tubo geotextil de pr\u00f3xima generaci\u00f3n.","og_url":"https:\/\/geocilindro.com\/nl\/carrito\/","og_site_name":"Geocilindro\u00ae El tubo geotextil de pr\u00f3xima generaci\u00f3n","article_modified_time":"2024-09-19T21:01:54+00:00","twitter_card":"summary_large_image","twitter_misc":{"Geschatte leestijd":"1 minuut"},"schema":{"@context":"https:\/\/schema.org","@graph":[{"@type":"WebPage","@id":"https:\/\/geocilindro.com\/nl\/carrito\/","url":"https:\/\/geocilindro.com\/nl\/carrito\/","name":"Geocilindros\u00ae El tubo Geotextil de pr\u00f3xima generaci\u00f3n","isPartOf":{"@id":"https:\/\/geocilindro.com\/#website"},"datePublished":"2024-09-18T17:31:40+00:00","dateModified":"2024-09-19T21:01:54+00:00","description":"Soluciones en la industria de la deshidrataci\u00f3n, remediaci\u00f3n ambiental y protecci\u00f3n costera. Geocylinder\u00ae es una marca holandesa, desarrollada para brindar una diversidad de soluciones en las industrias de deshidrataci\u00f3n y protecci\u00f3n costera, conocida en el mercado como el tubo geotextil de pr\u00f3xima generaci\u00f3n.","breadcrumb":{"@id":"https:\/\/geocilindro.com\/nl\/carrito\/#breadcrumb"},"inLanguage":"nl-NL","potentialAction":[{"@type":"ReadAction","target":["https:\/\/geocilindro.com\/nl\/carrito\/"]}]},{"@type":"BreadcrumbList","@id":"https:\/\/geocilindro.com\/nl\/carrito\/#breadcrumb","itemListElement":[{"@type":"ListItem","position":1,"name":"Portada","item":"https:\/\/geocilindro.com\/nl\/"},{"@type":"ListItem","position":2,"name":"Carrito"}]},{"@type":"WebSite","@id":"https:\/\/geocilindro.com\/#website","url":"https:\/\/geocilindro.com\/","name":"Geocilindro\u00ae El tubo geotextil de pr\u00f3xima generaci\u00f3n","description":"Soluciones en la industria de la deshidrataci\u00f3n, remediaci\u00f3n ambiental y protecci\u00f3n costera","potentialAction":[{"@type":"SearchAction","target":{"@type":"EntryPoint","urlTemplate":"https:\/\/geocilindro.com\/?s={search_term_string}"},"query-input":{"@type":"PropertyValueSpecification","valueRequired":true,"valueName":"search_term_string"}}],"inLanguage":"nl-NL"}]}},"jetpack_sharing_enabled":true,"_links":{"self":[{"href":"https:\/\/geocilindro.com\/nl\/wp-json\/wp\/v2\/pages\/2300","targetHints":{"allow":["GET"]}}],"collection":[{"href":"https:\/\/geocilindro.com\/nl\/wp-json\/wp\/v2\/pages"}],"about":[{"href":"https:\/\/geocilindro.com\/nl\/wp-json\/wp\/v2\/types\/page"}],"author":[{"embeddable":true,"href":"https:\/\/geocilindro.com\/nl\/wp-json\/wp\/v2\/users\/1"}],"replies":[{"embeddable":true,"href":"https:\/\/geocilindro.com\/nl\/wp-json\/wp\/v2\/comments?post=2300"}],"version-history":[{"count":2,"href":"https:\/\/geocilindro.com\/nl\/wp-json\/wp\/v2\/pages\/2300\/revisions"}],"predecessor-version":[{"id":2338,"href":"https:\/\/geocilindro.com\/nl\/wp-json\/wp\/v2\/pages\/2300\/revisions\/2338"}],"wp:attachment":[{"href":"https:\/\/geocilindro.com\/nl\/wp-json\/wp\/v2\/media?parent=2300"}],"curies":[{"name":"wp","href":"https:\/\/api.w.org\/{rel}","templated":true}]}}